{"id":2,"date":"2020-11-22T19:06:48","date_gmt":"2020-11-22T18:06:48","guid":{"rendered":"http:\/\/psy-kasta.fr\/?page_id=2"},"modified":"2025-10-01T21:03:25","modified_gmt":"2025-10-01T19:03:25","slug":"page-d-exemple","status":"publish","type":"page","link":"http:\/\/psy-kasta.fr\/","title":{"rendered":""},"content":{"rendered":"<p class=\"has-text-color\" style=\"margin-left: 36.0pt;\">Je vous re\u00e7ois en <strong>Psychoth\u00e9rapie, en Art th\u00e9rapie, en Psychosexologie<\/strong> <strong>ou en Th\u00e9rapie de couple<\/strong>, au sein de mon cabinet situ\u00e9 3 all\u00e9e des Salp\u00e9triers \u00e0 Istres (Tel : 07 60 58 05 76) ou encore sur le Quintessence \u00e0 Aix-en-provence.<\/p>\n<p class=\"has-normal-font-size\" style=\"margin-left: 36.0pt;\">La th\u00e9rapie analytique est bas\u00e9e sur la parole libre. Mon approche se caract\u00e9rise par l\u2019accueil, l\u2019\u00e9coute bienveillante, la neutralit\u00e9 et la prise en charge <strong>des enfants, des adolescents, des adultes et des couples.<\/strong><\/p>\n<p class=\"has-normal-font-size\" style=\"margin-left: 36.0pt;\">Ma pratique s\u2019inscrit dans la continuit\u00e9 de la <strong>clinique psychanalytique<\/strong> telle qu\u2019elle a \u00e9t\u00e9 invent\u00e9e par S. Freud, puis d\u00e9velopp\u00e9e et enrichie par des psychanalystes contemporains (CG. Jung, J. Lacan, DW. Winnicott, M. Klein, F. Dolto..)<\/p>\n\n<div class=\"wp-block-image\">\n<figure class=\"aligncenter size-large is-resized\"><img loading=\"lazy\" decoding=\"async\" width=\"1024\" height=\"544\" src=\"http:\/\/psy-kasta.fr\/wp-content\/uploads\/2021\/01\/cropped-IMG_5659-scaled-1-1-1024x544.jpg\" alt=\"\" class=\"wp-image-127\" style=\"width:768px;height:408px\" srcset=\"http:\/\/psy-kasta.fr\/wp-content\/uploads\/2021\/01\/cropped-IMG_5659-scaled-1-1-1024x544.jpg 1024w, http:\/\/psy-kasta.fr\/wp-content\/uploads\/2021\/01\/cropped-IMG_5659-scaled-1-1-300x159.jpg 300w, http:\/\/psy-kasta.fr\/wp-content\/uploads\/2021\/01\/cropped-IMG_5659-scaled-1-1-768x408.jpg 768w, http:\/\/psy-kasta.fr\/wp-content\/uploads\/2021\/01\/cropped-IMG_5659-scaled-1-1-1536x816.jpg 1536w, http:\/\/psy-kasta.fr\/wp-content\/uploads\/2021\/01\/cropped-IMG_5659-scaled-1-1-113x60.jpg 113w, http:\/\/psy-kasta.fr\/wp-content\/uploads\/2021\/01\/cropped-IMG_5659-scaled-1-1.jpg 2000w\" sizes=\"auto, (max-width: 1024px) 100vw, 1024px\" \/><\/figure>\n<\/div>\n\n\n<p><\/p>\n","protected":false},"excerpt":{"rendered":"<p>Je vous re\u00e7ois en Psychoth\u00e9rapie, en Art th\u00e9rapie, en Psychosexologie ou en Th\u00e9rapie de couple, au sein de mon cabinet situ\u00e9 3 all\u00e9e des Salp\u00e9triers \u00e0 Istres (Tel : 07 60 58 05 76) ou encore sur le Quintessence \u00e0 Aix-en-provence. La th\u00e9rapie analytique est bas\u00e9e sur la parole libre. Mon approche se caract\u00e9rise par &hellip; <\/p>\n","protected":false},"author":1,"featured_media":0,"parent":0,"menu_order":0,"comment_status":"closed","ping_status":"open","template":"","meta":{"footnotes":""},"class_list":["post-2","page","type-page","status-publish","hentry"],"_links":{"self":[{"href":"http:\/\/psy-kasta.fr\/index.php\/wp-json\/wp\/v2\/pages\/2","targetHints":{"allow":["GET"]}}],"collection":[{"href":"http:\/\/psy-kasta.fr\/index.php\/wp-json\/wp\/v2\/pages"}],"about":[{"href":"http:\/\/psy-kasta.fr\/index.php\/wp-json\/wp\/v2\/types\/page"}],"author":[{"embeddable":true,"href":"http:\/\/psy-kasta.fr\/index.php\/wp-json\/wp\/v2\/users\/1"}],"replies":[{"embeddable":true,"href":"http:\/\/psy-kasta.fr\/index.php\/wp-json\/wp\/v2\/comments?post=2"}],"version-history":[{"count":14,"href":"http:\/\/psy-kasta.fr\/index.php\/wp-json\/wp\/v2\/pages\/2\/revisions"}],"predecessor-version":[{"id":229,"href":"http:\/\/psy-kasta.fr\/index.php\/wp-json\/wp\/v2\/pages\/2\/revisions\/229"}],"wp:attachment":[{"href":"http:\/\/psy-kasta.fr\/index.php\/wp-json\/wp\/v2\/media?parent=2"}],"curies":[{"name":"wp","href":"https:\/\/api.w.org\/{rel}","templated":true}]}}