{"id":29,"date":"2020-11-22T20:35:08","date_gmt":"2020-11-22T19:35:08","guid":{"rendered":"http:\/\/psy-kasta.fr\/?page_id=29"},"modified":"2020-11-22T20:35:08","modified_gmt":"2020-11-22T19:35:08","slug":"enfant","status":"publish","type":"page","link":"http:\/\/psy-kasta.fr\/index.php\/art-therapie\/enfant\/","title":{"rendered":"Enfant"},"content":{"rendered":"\n<p>Pour l\u2019enfant, la demande \u00e9mane rarement de lui m\u00eame mais, le plus souvent de ses parents ou de l\u2019\u00e9cole.<\/p>\n\n\n\n<p>L\u2019enfant <strong>exprime ses ressentis<\/strong> gr\u00e2ce au langage mais aussi et particuli\u00e8rement par ses comportements qui peuvent le d\u00e9border sans une possible maitrise. Il interpelle alors les adultes par un <strong>\u00ab&nbsp;trop de quelque chose&nbsp;\u00bb&nbsp;<\/strong>: agressivit\u00e9, inhibition, difficult\u00e9s scolaires ou relationnelles, par des manisfestations somatiques (maladie r\u00e9p\u00e9titive, \u00e9nur\u00e9sie\u2026).<\/p>\n\n\n\n<p>L\u2019exploration de <strong>ses \u00e9motions inconscientes<\/strong> au cours d\u2019une th\u00e9rapie \u00e0 l\u2019aide de l<strong>\u2019art et de la cr\u00e9ation<\/strong> peut l\u2019aider \u00e0 traverser un <strong>passage difficile<\/strong> et lui permettre de poursuivre son d\u00e9veloppement.<\/p>\n\n\n\n<p>Les demandes de consultation portent essentiellement sur&nbsp;:<\/p>\n\n\n\n<div class=\"wp-block-group\"><div class=\"wp-block-group__inner-container is-layout-flow wp-block-group-is-layout-flow\">\n<ul class=\"wp-block-list\"><li>les troubles du comportement\u00a0: impulsivit\u00e9, stress, agressivit\u00e9, agitation, timidit\u00e9<\/li><li>les troubles affectifs\u00a0: troubles anxieux, phobiques, d\u00e9pression, insomnie<\/li><li>les troubles alimentaires\u00a0: anorexie, boulimie, pica\u2026<\/li><li>des difficult\u00e9s scolaires, \u00e9ventuellement li\u00e9es \u00e0 des probl\u00e8mes de dyslexie, dysorthographie, TDAH<\/li><li>une demande de soutien pour traverser une situation difficile\u00a0: divorce, difficult\u00e9s familiales, deuil, traumatisme\u2026<\/li><\/ul>\n<\/div><\/div>\n","protected":false},"excerpt":{"rendered":"<p>Pour l\u2019enfant, la demande \u00e9mane rarement de lui m\u00eame mais, le plus souvent de ses parents ou de l\u2019\u00e9cole. L\u2019enfant exprime ses ressentis gr\u00e2ce au langage mais aussi et particuli\u00e8rement par ses comportements qui peuvent le d\u00e9border sans une possible maitrise. Il interpelle alors les adultes par un \u00ab&nbsp;trop de quelque chose&nbsp;\u00bb&nbsp;: agressivit\u00e9, inhibition, difficult\u00e9s &hellip; <\/p>\n","protected":false},"author":1,"featured_media":0,"parent":27,"menu_order":0,"comment_status":"closed","ping_status":"closed","template":"","meta":{"footnotes":""},"class_list":["post-29","page","type-page","status-publish","hentry"],"_links":{"self":[{"href":"http:\/\/psy-kasta.fr\/index.php\/wp-json\/wp\/v2\/pages\/29","targetHints":{"allow":["GET"]}}],"collection":[{"href":"http:\/\/psy-kasta.fr\/index.php\/wp-json\/wp\/v2\/pages"}],"about":[{"href":"http:\/\/psy-kasta.fr\/index.php\/wp-json\/wp\/v2\/types\/page"}],"author":[{"embeddable":true,"href":"http:\/\/psy-kasta.fr\/index.php\/wp-json\/wp\/v2\/users\/1"}],"replies":[{"embeddable":true,"href":"http:\/\/psy-kasta.fr\/index.php\/wp-json\/wp\/v2\/comments?post=29"}],"version-history":[{"count":1,"href":"http:\/\/psy-kasta.fr\/index.php\/wp-json\/wp\/v2\/pages\/29\/revisions"}],"predecessor-version":[{"id":30,"href":"http:\/\/psy-kasta.fr\/index.php\/wp-json\/wp\/v2\/pages\/29\/revisions\/30"}],"up":[{"embeddable":true,"href":"http:\/\/psy-kasta.fr\/index.php\/wp-json\/wp\/v2\/pages\/27"}],"wp:attachment":[{"href":"http:\/\/psy-kasta.fr\/index.php\/wp-json\/wp\/v2\/media?parent=29"}],"curies":[{"name":"wp","href":"https:\/\/api.w.org\/{rel}","templated":true}]}}