{"id":37,"date":"2020-11-22T20:39:18","date_gmt":"2020-11-22T19:39:18","guid":{"rendered":"http:\/\/psy-kasta.fr\/?page_id=37"},"modified":"2020-11-22T20:39:18","modified_gmt":"2020-11-22T19:39:18","slug":"therapie-de-couple","status":"publish","type":"page","link":"http:\/\/psy-kasta.fr\/index.php\/psychosexologie\/therapie-de-couple\/","title":{"rendered":"Th\u00e9rapie de couple"},"content":{"rendered":"\n<p>La th\u00e9rapie de couple est un travail sur le lien qui unit deux personnes. Elle permet de r\u00e9engager le dialogue et de mieux s\u2019\u00e9couter.<\/p>\n\n\n\n<p>Elle favorise l\u2019ext\u00e9riorisation des besoins enfouis et l\u2019attention aux attentes intimes de son partenaire afin de retrouver un certain \u00e9quilibre.<\/p>\n\n\n\n<p>Divers \u00e9v\u00e8nements de vie impactent la relation de couple et fragilisent les attaches du lien comme&nbsp;:<\/p>\n\n\n\n<div class=\"wp-block-group\"><div class=\"wp-block-group__inner-container is-layout-flow wp-block-group-is-layout-flow\">\n<ul class=\"wp-block-list\"><li>Am\u00e9nagement en couple<\/li><li>Naissance d\u2019un enfant<\/li><li>Changement professionnel, promotion ou perte d\u2019emploi pour un des membres<\/li><li>La maladie<\/li><li>L\u2019infid\u00e9lit\u00e9<\/li><li>La violence<\/li><li>La recomposition familiale<\/li><li>L\u2019interculturalit\u00e9<\/li><li>La diminution du d\u00e9sir\u2026.<\/li><\/ul>\n<\/div><\/div>\n","protected":false},"excerpt":{"rendered":"<p>La th\u00e9rapie de couple est un travail sur le lien qui unit deux personnes. Elle permet de r\u00e9engager le dialogue et de mieux s\u2019\u00e9couter. Elle favorise l\u2019ext\u00e9riorisation des besoins enfouis et l\u2019attention aux attentes intimes de son partenaire afin de retrouver un certain \u00e9quilibre. Divers \u00e9v\u00e8nements de vie impactent la relation de couple et fragilisent &hellip; <\/p>\n","protected":false},"author":1,"featured_media":0,"parent":33,"menu_order":0,"comment_status":"closed","ping_status":"closed","template":"","meta":{"footnotes":""},"class_list":["post-37","page","type-page","status-publish","hentry"],"_links":{"self":[{"href":"http:\/\/psy-kasta.fr\/index.php\/wp-json\/wp\/v2\/pages\/37","targetHints":{"allow":["GET"]}}],"collection":[{"href":"http:\/\/psy-kasta.fr\/index.php\/wp-json\/wp\/v2\/pages"}],"about":[{"href":"http:\/\/psy-kasta.fr\/index.php\/wp-json\/wp\/v2\/types\/page"}],"author":[{"embeddable":true,"href":"http:\/\/psy-kasta.fr\/index.php\/wp-json\/wp\/v2\/users\/1"}],"replies":[{"embeddable":true,"href":"http:\/\/psy-kasta.fr\/index.php\/wp-json\/wp\/v2\/comments?post=37"}],"version-history":[{"count":1,"href":"http:\/\/psy-kasta.fr\/index.php\/wp-json\/wp\/v2\/pages\/37\/revisions"}],"predecessor-version":[{"id":38,"href":"http:\/\/psy-kasta.fr\/index.php\/wp-json\/wp\/v2\/pages\/37\/revisions\/38"}],"up":[{"embeddable":true,"href":"http:\/\/psy-kasta.fr\/index.php\/wp-json\/wp\/v2\/pages\/33"}],"wp:attachment":[{"href":"http:\/\/psy-kasta.fr\/index.php\/wp-json\/wp\/v2\/media?parent=37"}],"curies":[{"name":"wp","href":"https:\/\/api.w.org\/{rel}","templated":true}]}}