{"id":41,"date":"2020-11-22T20:41:33","date_gmt":"2020-11-22T19:41:33","guid":{"rendered":"http:\/\/psy-kasta.fr\/?page_id=41"},"modified":"2025-10-01T21:05:23","modified_gmt":"2025-10-01T19:05:23","slug":"contact-tarifs","status":"publish","type":"page","link":"http:\/\/psy-kasta.fr\/index.php\/contact-tarifs\/","title":{"rendered":"Contact-Tarifs"},"content":{"rendered":"\n<p><strong>Les s\u00e9ances sont de<\/strong> :<\/p>\n\n\n\n<div class=\"wp-block-group\"><div class=\"wp-block-group__inner-container is-layout-flow wp-block-group-is-layout-flow\">\n<ul class=\"wp-block-list\">\n<li>60\u20ac pour les adultes (55min)<\/li>\n\n\n\n<li>50\u20ac pour les adolescents (55min)<\/li>\n\n\n\n<li>90\u20ac pour les couples (1h30)<\/li>\n<\/ul>\n<\/div><\/div>\n\n\n\n<p><strong>Adresse du cabinet<\/strong> :<br>3 all\u00e9e des Salpetriers<br>le Tub\u00e9<br>13800 ISTRES<br><strong>Tel : 07.60.58.05.76<\/strong><\/p>\n\n\n\n<p><strong>Quintessence <\/strong>:<br>207 avenue Paul Jullien<br>13100 LE THOLONET<\/p>\n","protected":false},"excerpt":{"rendered":"<p>Les s\u00e9ances sont de : Adresse du cabinet :3 all\u00e9e des Salpetriersle Tub\u00e913800 ISTRESTel : 07.60.58.05.76 Quintessence :207 avenue Paul Jullien13100 LE THOLONET<\/p>\n","protected":false},"author":1,"featured_media":0,"parent":0,"menu_order":4,"comment_status":"closed","ping_status":"closed","template":"","meta":{"footnotes":""},"class_list":["post-41","page","type-page","status-publish","hentry"],"_links":{"self":[{"href":"http:\/\/psy-kasta.fr\/index.php\/wp-json\/wp\/v2\/pages\/41","targetHints":{"allow":["GET"]}}],"collection":[{"href":"http:\/\/psy-kasta.fr\/index.php\/wp-json\/wp\/v2\/pages"}],"about":[{"href":"http:\/\/psy-kasta.fr\/index.php\/wp-json\/wp\/v2\/types\/page"}],"author":[{"embeddable":true,"href":"http:\/\/psy-kasta.fr\/index.php\/wp-json\/wp\/v2\/users\/1"}],"replies":[{"embeddable":true,"href":"http:\/\/psy-kasta.fr\/index.php\/wp-json\/wp\/v2\/comments?post=41"}],"version-history":[{"count":9,"href":"http:\/\/psy-kasta.fr\/index.php\/wp-json\/wp\/v2\/pages\/41\/revisions"}],"predecessor-version":[{"id":230,"href":"http:\/\/psy-kasta.fr\/index.php\/wp-json\/wp\/v2\/pages\/41\/revisions\/230"}],"wp:attachment":[{"href":"http:\/\/psy-kasta.fr\/index.php\/wp-json\/wp\/v2\/media?parent=41"}],"curies":[{"name":"wp","href":"https:\/\/api.w.org\/{rel}","templated":true}]}}