{"id":43,"date":"2020-11-22T20:42:42","date_gmt":"2020-11-22T19:42:42","guid":{"rendered":"http:\/\/psy-kasta.fr\/?page_id=43"},"modified":"2022-03-30T20:49:39","modified_gmt":"2022-03-30T18:49:39","slug":"mon-parcours","status":"publish","type":"page","link":"http:\/\/psy-kasta.fr\/index.php\/mon-parcours\/","title":{"rendered":"Mon parcours"},"content":{"rendered":"\n<div class=\"wp-block-group\"><div class=\"wp-block-group__inner-container is-layout-flow wp-block-group-is-layout-flow\">\n<ul class=\"wp-block-list\"><li>Th\u00e9rapeute de couple. <em>Facult\u00e9 de psychologie et de psychanalyse d&rsquo;Aix en Provence.<\/em><\/li><li>Psychanalyste. <em>Institut de Formation de Psychanalyse de Provence \u2013 IFPP.<\/em><\/li><li>Psychopraticienne en Th\u00e9orie Psychanalytique et M\u00e9tapsychologie. <em>Institut de Formation de Psychanalyse de Provence \u2013 IFPP.<\/em><\/li><li>Art-th\u00e9rapeute. <em>Edupsy-Tarascon.<\/em><\/li><li>Psychosexologuee. <em>ICH Paris.<\/em><\/li><li>Master de Psychologie, Psychopathologie clinique. <em>Universit\u00e9 de Toulouse Le Mirail.<\/em><\/li><li>Dipl\u00f4me d\u2019\u00c9tat d\u2019Assistante Sociale. <em>Croix Rouge Fran\u00e7aise. Toulouse.<\/em><\/li><\/ul>\n<\/div><\/div>\n\n\n\n<p>J\u2019ai pu acqu\u00e9rir mon exp\u00e9rience au cours de ma pratique en h\u00f4pital Psychiatrique, en Centre M\u00e9dico-Psychologique et au sein des Services de la Protection de l\u2019Enfance.<\/p>\n\n\n\n<p>Je suis r\u00e9guli\u00e8rement supervis\u00e9e et je poursuis mon enrichissement professionnel en participant \u00e0 divers s\u00e9minaires et congr\u00e8s de psychoth\u00e9rapie et de psychanalyse. Je suis membre de la <strong>F\u00e9d\u00e9ration Nationale de Psychanalyse<\/strong>, garante des r\u00e8gles d\u00e9ontologiques de ma pratique.<\/p>\n\n\n\n<div class=\"wp-block-image\"><figure class=\"aligncenter size-large is-resized\"><img loading=\"lazy\" decoding=\"async\" src=\"http:\/\/psy-kasta.fr\/wp-content\/uploads\/2021\/01\/KARINE2-768x1024-1-1.jpg\" alt=\"\" class=\"wp-image-198\" width=\"384\" height=\"512\" srcset=\"http:\/\/psy-kasta.fr\/wp-content\/uploads\/2021\/01\/KARINE2-768x1024-1-1.jpg 768w, http:\/\/psy-kasta.fr\/wp-content\/uploads\/2021\/01\/KARINE2-768x1024-1-1-225x300.jpg 225w, http:\/\/psy-kasta.fr\/wp-content\/uploads\/2021\/01\/KARINE2-768x1024-1-1-45x60.jpg 45w\" sizes=\"auto, (max-width: 384px) 100vw, 384px\" \/><\/figure><\/div>\n","protected":false},"excerpt":{"rendered":"<p>Th\u00e9rapeute de couple. Facult\u00e9 de psychologie et de psychanalyse d&rsquo;Aix en Provence. Psychanalyste. Institut de Formation de Psychanalyse de Provence \u2013 IFPP. Psychopraticienne en Th\u00e9orie Psychanalytique et M\u00e9tapsychologie. Institut de Formation de Psychanalyse de Provence \u2013 IFPP. Art-th\u00e9rapeute. Edupsy-Tarascon. Psychosexologuee. ICH Paris. Master de Psychologie, Psychopathologie clinique. Universit\u00e9 de Toulouse Le Mirail. Dipl\u00f4me d\u2019\u00c9tat d\u2019Assistante &hellip; <\/p>\n","protected":false},"author":1,"featured_media":0,"parent":0,"menu_order":5,"comment_status":"closed","ping_status":"closed","template":"","meta":{"footnotes":""},"class_list":["post-43","page","type-page","status-publish","hentry"],"_links":{"self":[{"href":"http:\/\/psy-kasta.fr\/index.php\/wp-json\/wp\/v2\/pages\/43","targetHints":{"allow":["GET"]}}],"collection":[{"href":"http:\/\/psy-kasta.fr\/index.php\/wp-json\/wp\/v2\/pages"}],"about":[{"href":"http:\/\/psy-kasta.fr\/index.php\/wp-json\/wp\/v2\/types\/page"}],"author":[{"embeddable":true,"href":"http:\/\/psy-kasta.fr\/index.php\/wp-json\/wp\/v2\/users\/1"}],"replies":[{"embeddable":true,"href":"http:\/\/psy-kasta.fr\/index.php\/wp-json\/wp\/v2\/comments?post=43"}],"version-history":[{"count":5,"href":"http:\/\/psy-kasta.fr\/index.php\/wp-json\/wp\/v2\/pages\/43\/revisions"}],"predecessor-version":[{"id":217,"href":"http:\/\/psy-kasta.fr\/index.php\/wp-json\/wp\/v2\/pages\/43\/revisions\/217"}],"wp:attachment":[{"href":"http:\/\/psy-kasta.fr\/index.php\/wp-json\/wp\/v2\/media?parent=43"}],"curies":[{"name":"wp","href":"https:\/\/api.w.org\/{rel}","templated":true}]}}